{"id":1593,"date":"2025-06-05T14:19:48","date_gmt":"2025-06-05T18:19:48","guid":{"rendered":"https:\/\/sprayips.com\/marketing-de-espuma-en-spray-101\/"},"modified":"2025-06-05T15:52:07","modified_gmt":"2025-06-05T19:52:07","slug":"marketing-de-espuma-en-spray-101","status":"publish","type":"page","link":"https:\/\/sprayips.com\/es\/marketing-de-espuma-en-spray-101\/","title":{"rendered":"Marketing de espuma en spray 101"},"content":{"rendered":"<div id=\"sp-page\" class=\"spBgcover sp-content-1\" style=\"background-color: rgb(247, 247, 247); font-family: Inter, sans-serif; font-weight: 400;\">\n<section id=\"sp-v8ipp8k5n5u3\" data-mobile-visibility=\"#sp-v8ipp8k5n5u3|false\" data-tablet-visibility=\"#sp-v8ipp8k5n5u3|false\" data-desktop-visibility=\"#sp-v8ipp8k5n5u3|false\" data-mobile-css=\"\" data-tablet-css=\"\" class=\"sp-el-section spBgcover\" style=\"width: 100%; max-width: 100%; padding: 10px;\">\n<div id=\"sp-fezbi4zgtwsa\" data-mobile-visibility=\"#sp-fezbi4zgtwsa|false\" data-tablet-visibility=\"#sp-fezbi4zgtwsa|false\" data-desktop-visibility=\"#sp-fezbi4zgtwsa|false\" data-mobile-css=\"\" data-tablet-css=\"\" class=\"sp-el-row sp-w-full sp-m-auto spBgcover sm:sp-flex sp-justify-between\" style=\"padding: 0px;\">\n<div id=\"sp-hkee9xrkzu5\" data-mobile-visibility=\"#sp-hkee9xrkzu5|false\" data-tablet-visibility=\"#sp-hkee9xrkzu5|false\" data-desktop-visibility=\"#sp-hkee9xrkzu5|false\" data-mobile-css=\"\" data-tablet-css=\"\" class=\"sp-el-col spBgcover sp-w-full\" style=\"width: calc(50% + 0px);\">\n<figure id=\"sp-yect7429a6po\" data-mobile-css=\"#sp-yect7429a6po|text-align:center;\" data-tablet-css=\"#sp-yect7429a6po|text-align:center;\" class=\"sp-image-wrapper sp-el-block\" style=\"margin: 0px; text-align: left;\">\n<div><span><img loading=\"lazy\" decoding=\"async\" src=\"https:\/\/sprayips.com\/wp-content\/uploads\/2025\/06\/Asset-1@300x.png\" alt=\"\" width=\"447\" height=\"235\" data-dynamic-tag=\"\" data-image-src=\"wpmedia\" data-mobile-visibility=\".sp-image-block-yect7429a6po|false\" data-tablet-visibility=\".sp-image-block-yect7429a6po|false\" data-desktop-visibility=\".sp-image-block-yect7429a6po|false\" srcset=\"  https:\/\/sprayips.com\/wp-content\/uploads\/2025\/06\/Asset-1@300x-150x150.png 150w, https:\/\/sprayips.com\/wp-content\/uploads\/2025\/06\/Asset-1@300x-300x158.png 300w, https:\/\/sprayips.com\/wp-content\/uploads\/2025\/06\/Asset-1@300x.png 447w\" class=\"sp-image-block-yect7429a6po custom-preview-class\" style=\"object-fit: fill; width: 234px;\"><\/span><\/div>\n<div id=\"sp-image-dynamic-tags-js-yect7429a6po\"><script>jQuery(function() { image_dynamic_tags('yect7429a6po' );});<\/script><\/div>\n<\/figure>\n<\/div>\n<div id=\"sp-tmw87scj1wb9\" data-mobile-visibility=\"#sp-tmw87scj1wb9|false\" data-tablet-visibility=\"#sp-tmw87scj1wb9|false\" data-desktop-visibility=\"#sp-tmw87scj1wb9|false\" data-mobile-css=\"\" data-tablet-css=\"\" class=\"sp-el-col spBgcover sp-w-full\" style=\"width: calc(50% + 0px);\">\n<figure id=\"sp-hftkhte1h96h\" data-mobile-css=\"#sp-hftkhte1h96h|text-align:center;\" data-tablet-css=\"#sp-hftkhte1h96h|text-align:center;\" class=\"sp-image-wrapper sp-el-block\" style=\"margin: 0px; text-align: center;\">\n<div><span><img loading=\"lazy\" decoding=\"async\" src=\"https:\/\/sprayips.com\/wp-content\/uploads\/2025\/06\/Asset-1100-1.png\" alt=\"\" width=\"388\" height=\"79\" data-dynamic-tag=\"\" data-image-src=\"wpmedia\" data-mobile-visibility=\".sp-image-block-hftkhte1h96h|false\" data-tablet-visibility=\".sp-image-block-hftkhte1h96h|false\" data-desktop-visibility=\".sp-image-block-hftkhte1h96h|false\" srcset=\"  https:\/\/sprayips.com\/wp-content\/uploads\/2025\/06\/Asset-1100-1-150x79.png 150w, https:\/\/sprayips.com\/wp-content\/uploads\/2025\/06\/Asset-1100-1-300x61.png 300w, https:\/\/sprayips.com\/wp-content\/uploads\/2025\/06\/Asset-1100-1.png 388w\" class=\"sp-image-block-hftkhte1h96h custom-preview-class\" style=\"width: 388px;\"><\/span><\/div>\n<div id=\"sp-image-dynamic-tags-js-hftkhte1h96h\"><script>jQuery(function() { image_dynamic_tags('hftkhte1h96h' );});<\/script><\/div>\n<\/figure>\n<\/div>\n<\/div>\n<\/section>\n<section id=\"sp-r43p8okabfvq\" data-mobile-visibility=\"#sp-r43p8okabfvq|false\" data-tablet-visibility=\"#sp-r43p8okabfvq|false\" data-desktop-visibility=\"#sp-r43p8okabfvq|false\" data-mobile-css=\"\" data-tablet-css=\"\" class=\"sp-el-section spBgcover\" style=\"width: 100%; max-width: 100%; padding: 10px;\">\n<div id=\"sp-libwqp\" data-mobile-visibility=\"#sp-libwqp|false\" data-tablet-visibility=\"#sp-libwqp|false\" data-desktop-visibility=\"#sp-libwqp|false\" data-mobile-css=\"\" data-tablet-css=\"\" class=\"sp-el-row sp-w-full sp-m-auto sm:sp-flex sp-justify-between\" style=\"padding: 0px; width: auto; max-width: 1000px;\">\n<div id=\"sp-rmjfgz\" data-mobile-visibility=\"#sp-rmjfgz|false\" data-tablet-visibility=\"#sp-rmjfgz|false\" data-desktop-visibility=\"#sp-rmjfgz|false\" data-mobile-css=\"\" data-tablet-css=\"\" class=\"sp-el-col sp-w-full\" style=\"width: calc(100% + 0px);\">\n<div id=\"sp-x768e5\" data-mobile-css=\"#sp-x768e5|height:40px;\" data-tablet-css=\"#sp-x768e5|height:10px;\" class=\"sp-spacer\" style=\"height: 0px;\"><\/div>\n<\/div>\n<\/div>\n<div id=\"sp-gcg9ajmwyhy\" data-mobile-visibility=\"#sp-gcg9ajmwyhy|false\" data-tablet-visibility=\"#sp-gcg9ajmwyhy|false\" data-desktop-visibility=\"#sp-gcg9ajmwyhy|false\" data-mobile-css=\"\" data-tablet-css=\"\" class=\"sp-el-row sp-w-full sp-m-auto spBgcover sm:sp-flex sp-justify-between\" style=\"padding: 0px; width: auto; max-width: 1000px; margin-top: 28px;\">\n<div id=\"sp-qsinfp63vjmn\" data-mobile-visibility=\"#sp-qsinfp63vjmn|false\" data-tablet-visibility=\"#sp-qsinfp63vjmn|false\" data-desktop-visibility=\"#sp-qsinfp63vjmn|false\" data-mobile-css=\"\" data-tablet-css=\"\" class=\"sp-el-col spBgcover sp-w-full\" style=\"width: calc(54% + 0px);\"><span href=\"\" target=\"\" rel=\"\" class=\"sp-header-block-link\" style=\"text-decoration: none;\"><\/p>\n<h1 id=\"sp-wrwdqunlo1kr\" data-mobile-css=\".sp-headline-block-wrwdqunlo1kr, #sp-wrwdqunlo1kr, #wrwdqunlo1kr|text-align:center;\" data-tablet-css=\".sp-headline-block-wrwdqunlo1kr, #sp-wrwdqunlo1kr, #wrwdqunlo1kr|text-align:center;\" data-mobile-visibility=\".sp-headline-block-wrwdqunlo1kr|false\" data-tablet-visibility=\".sp-headline-block-wrwdqunlo1kr|false\" data-desktop-visibility=\".sp-headline-block-wrwdqunlo1kr|false\" class=\"sp-css-target sp-el-block sp-headline-block-wrwdqunlo1kr sp-type-header\" style=\"font-size: 26px; line-height: 1.2; text-align: left; margin: 0px;\"><strong>Consigue m\u00e1s clientes potenciales sin hacer conjeturas<br \/><\/strong><br \/> Watch: C\u00f3mo la Alianza E3 ayuda a crecer a los contratistas (1 min)<\/h1>\n<p><\/span><\/p>\n<div id=\"sp-m7guk5r70v18\" data-mobile-css=\"#sp-m7guk5r70v18|justify-content:center;\" data-tablet-css=\"#sp-m7guk5r70v18|justify-content:center;\" class=\"sp-video-control sp-flex sp-el-block\" style=\"padding: 0px 30px 0px 0px; justify-content: center; margin: 20px 0px 0px;\">\n<div data-mobile-visibility=\".sp-video-block-m7guk5r70v18|false\" data-tablet-visibility=\".sp-video-block-m7guk5r70v18|false\" data-desktop-visibility=\".sp-video-block-m7guk5r70v18|false\" class=\"sp-video-wrapper sp-video-block-m7guk5r70v18\" style=\"width: 100%; max-width: 100%;\">\n<div class=\"sp-video-responsive\"><iframe loading=\"lazy\" width=\"560\" height=\"315\" src=\"https:\/\/www.youtube.com\/embed\/B9UN9JPMA0M\" frameborder=\"0\" allowfullscreen=\"allowfullscreen\"><\/iframe><\/div>\n<\/div>\n<\/div>\n<\/div>\n<div id=\"sp-xjlt48b85t1q\" data-mobile-visibility=\"#sp-xjlt48b85t1q|false\" data-tablet-visibility=\"#sp-xjlt48b85t1q|false\" data-desktop-visibility=\"#sp-xjlt48b85t1q|false\" data-mobile-css=\"\" data-tablet-css=\"\" class=\"sp-el-col spBgcover sp-w-full\" style=\"border-radius: 10px; box-shadow: rgba(0, 0, 0, 0.25) 0px 25px 50px -12px; background-color: rgb(255, 255, 255); width: calc(46% + 0px); padding: 20px;\"><span href=\"\" target=\"\" rel=\"\" class=\"sp-header-block-link\" style=\"text-decoration: none;\"><\/p>\n<h2 id=\"sp-xsrc95zcnll\" data-mobile-css=\".sp-headline-block-xsrc95zcnll, #sp-xsrc95zcnll, #xsrc95zcnll|text-align:center;\" data-tablet-css=\".sp-headline-block-xsrc95zcnll, #sp-xsrc95zcnll, #xsrc95zcnll|text-align:center;\" data-mobile-visibility=\".sp-headline-block-xsrc95zcnll|false\" data-tablet-visibility=\".sp-headline-block-xsrc95zcnll|false\" data-desktop-visibility=\".sp-headline-block-xsrc95zcnll|false\" class=\"sp-css-target sp-el-block sp-headline-block-xsrc95zcnll sp-type-header\" style=\"font-size: 20px; text-align: center; margin: 0px;\"><em>\u00bfQuieres m\u00e1s empleos en tu \u00e1rea de servicio?<\/em><\/p>\n<p>Consigue la gu\u00eda gratuita + ent\u00e9rate de c\u00f3mo la <strong>Alianza<\/strong> E3 te ofrece apoyo real:<\/h2>\n<p><\/span><\/p>\n<div id=\"sp-vydnc2b9jw5e\" data-mobile-css=\".sp-bulletlist-block-vydnc2b9jw5e, #sp-vydnc2b9jw5e|justify-content:flex-start;\" data-tablet-css=\".sp-bulletlist-block-vydnc2b9jw5e, #sp-vydnc2b9jw5e|justify-content:flex-start;\" data-mobile-visibility=\".sp-bulletlist-block-vydnc2b9jw5e|false\" data-tablet-visibility=\".sp-bulletlist-block-vydnc2b9jw5e|false\" data-desktop-visibility=\".sp-bulletlist-block-vydnc2b9jw5e|false\" class=\"sp-flex sp-css-target sp-el-block sp-bulletlist-block-template-0 sp-justify-start sp-bulletlist-block-vydnc2b9jw5e\" style=\"margin: 20px 0px 0px; font-size: 15px;\">\n<ul class=\"sp-bulletlist-wrapper\">\n<li data-mobile-css=\"#sp-vydnc2b9jw5e .sp-bullet-list-item-vydnc2b9jw5e-0|padding:0px 0px 10px 0px ;\" data-tablet-css=\"#sp-vydnc2b9jw5e .sp-bullet-list-item-vydnc2b9jw5e-0|padding:0px 0px 10px 0px ;\" class=\"sp-flex sp-items-center sp-bullet-list-item-vydnc2b9jw5e-0 sp-justify-start\" style=\"padding: 0px 0px 17px;\"><span class=\"sp-icon-wrapper sp-mr-4\"><i class=\"fa-fw fa-lg fas fa-check\" style=\"width: 30px; line-height: 30px; font-size: 15px; color: rgb(68, 189, 162);\"><\/i><\/span><span><strong>Sencillos pasos de marketing<\/strong> que cualquier contratista puede seguir<\/span><\/li>\n<li data-mobile-css=\"#sp-vydnc2b9jw5e .sp-bullet-list-item-vydnc2b9jw5e-1|padding:0px 0px 10px 0px ;\" data-tablet-css=\"#sp-vydnc2b9jw5e .sp-bullet-list-item-vydnc2b9jw5e-1|padding:0px 0px 10px 0px ;\" class=\"sp-flex sp-items-center sp-bullet-list-item-vydnc2b9jw5e-1 sp-justify-start\" style=\"padding: 0px 0px 17px;\"><span class=\"sp-icon-wrapper sp-mr-4\"><i class=\"fa-fw fa-lg fas fa-check\" style=\"width: 30px; line-height: 30px; font-size: 15px; color: rgb(68, 189, 162);\"><\/i><\/span><span>Un sitio web creado para ti - <strong>GRATIS<\/strong><\/span><\/li>\n<li data-mobile-css=\"#sp-vydnc2b9jw5e .sp-bullet-list-item-vydnc2b9jw5e-2|padding:0px 0px 10px 0px ;\" data-tablet-css=\"#sp-vydnc2b9jw5e .sp-bullet-list-item-vydnc2b9jw5e-2|padding:0px 0px 10px 0px ;\" class=\"sp-flex sp-items-center sp-bullet-list-item-vydnc2b9jw5e-2 sp-justify-start\" style=\"padding: 0px 0px 17px;\"><span class=\"sp-icon-wrapper sp-mr-4\"><i class=\"fa-fw fa-lg fas fa-check\" style=\"width: 30px; line-height: 30px; font-size: 15px; color: rgb(68, 189, 162);\"><\/i><\/span><span>Ayuda para <strong>el perfil de empresa de Google<\/strong> <\/span><\/li>\n<li data-mobile-css=\"#sp-vydnc2b9jw5e .sp-bullet-list-item-vydnc2b9jw5e-3|padding:0px 0px 10px 0px ;\" data-tablet-css=\"#sp-vydnc2b9jw5e .sp-bullet-list-item-vydnc2b9jw5e-3|padding:0px 0px 10px 0px ;\" class=\"sp-flex sp-items-center sp-bullet-list-item-vydnc2b9jw5e-3 sp-justify-start\" style=\"padding: 0px 0px 17px;\"><span class=\"sp-icon-wrapper sp-mr-4\"><i class=\"fa-fw fa-lg fas fa-check\" style=\"width: 30px; line-height: 30px; font-size: 15px; color: rgb(68, 189, 162);\"><\/i><\/span><span><strong>Certificaci\u00f3n PCP<\/strong> gratuita +<strong> creaci\u00f3n de contenidos<\/strong><\/span><\/li>\n<li data-mobile-css=\"\" data-tablet-css=\"\" class=\"sp-flex sp-items-center sp-bullet-list-item-vydnc2b9jw5e-4 sp-justify-start\"><span class=\"sp-icon-wrapper sp-mr-4\"><i class=\"fa-fw fa-lg fas fa-check\" style=\"width: 30px; line-height: 30px; font-size: 15px; color: rgb(68, 189, 162);\"><\/i><\/span><span>Te enviamos <strong>clientes potenciales regionales<\/strong> <\/span><\/li>\n<\/ul>\n<\/div>\n<div id=\"sp-ke831qkiq4a9\" data-mobile-css=\"\" data-tablet-css=\"\" data-mobile-visibility=\".sp-optin-form-block-ke831qkiq4a9|false\" data-tablet-visibility=\".sp-optin-form-block-ke831qkiq4a9|false\" data-desktop-visibility=\".sp-optin-form-block-ke831qkiq4a9|false\" class=\"sp-optin-wrapper sp-el-block sp-optin-form-block-ke831qkiq4a9\" style=\"font-size: 18px; margin: 0px; text-align: center;\">\n<form id=\"sp-optin-form-ke831qkiq4a9\" class=\"sp-w-full sp-flex sp-flex-wrap\" style=\"justify-content: center;\"><input type=\"hidden\" name=\"page_id\" value=\"1577\"><input type=\"hidden\" name=\"page_uuid\" value=\"27cb6697-b39f-453b-8b3c-4e2dfd7b0872\"><input type=\"hidden\" name=\"site_token\" value=\"0e7466a2-9482-4571-a271-b1050ba9fb60\"><input type=\"hidden\" name=\"user_id\" value=\"61997\"><input type=\"hidden\" name=\"redirect_url\"><input type=\"hidden\" name=\"seedprod_action\" value=\"1\"><input type=\"hidden\" name=\"email_integration_id\"><\/p>\n<div class=\"sp-flex sp-optinform-field sp-px-1\" style=\"width: 100%;\"><input type=\"email\" name=\"email\" required=\"required\" placeholder=\"Introduce tu correo electr\u00f3nico\" class=\"sp-form-input sp-w-full sp-mb-3\" style=\"border-color: rgb(221, 221, 221); border-width: 1px; border-style: solid; background-color: rgb(247, 247, 247); color: rgb(68, 68, 68); padding: 8px; font-size: 16px; border-radius: 3px;\"><\/div>\n<div class=\"sp-optinform-btn sp-px-1\" style=\"width: 100%;\"><button class=\" sp-button sp-optin-submit sp-text-center sp-inline-block sp-leading-none sp-w-full sp-input-size-3\" style=\"color: rgb(255, 255, 255); padding: 0px 16px; border-radius: 3px; background: rgb(0, 203, 131);\"><span>Recibe la Gu\u00eda de Bootstrappers directamente en tu correo electr\u00f3nico<\/span><\/button><\/div>\n<div id=\"recaptcha-ke831qkiq4a9\"><\/div>\n<\/form>\n<div id=\"sp-optin-success-ke831qkiq4a9\" class=\"sp-hidden sp-text-center sp-my-8\">\n<p>Enhorabuena por dar el primer paso para hacer crecer tu negocio de espuma pulverizada.<\/p>\n<p>Recibir\u00e1s la descarga en breve. Aseg\u00farate de revisar el correo no deseado. <\/p>\n<p>\u00a1Si tienes alguna pregunta o necesitas ayuda con la comercializaci\u00f3n de tu negocio de espuma en spray, env\u00edame un correo electr\u00f3nico en cualquier momento a cody@sprayips.com!<\/p>\n<\/div>\n<\/div>\n<div id=\"sp-qq52rbi9g18\" data-mobile-css=\".sp-text-wrapper-qq52rbi9g18, #sp-qq52rbi9g18, #qq52rbi9g18|text-align:left;\" data-tablet-css=\".sp-text-wrapper-qq52rbi9g18, #sp-qq52rbi9g18, #qq52rbi9g18|text-align:left;\" data-mobile-visibility=\".sp-text-wrapper-qq52rbi9g18|false\" data-tablet-visibility=\".sp-text-wrapper-qq52rbi9g18|false\" data-desktop-visibility=\".sp-text-wrapper-qq52rbi9g18|false\" class=\"sp-css-target sp-text-wrapper sp-el-block sp-text-wrapper-qq52rbi9g18\" style=\"font-size: 10px; color: rgb(126, 131, 137); margin: 7px 0px 0px; text-align: center;\">\n<p>Prometemos no enviar spam. Date de baja en cualquier momento. Ver nuestra <a href=\"#\">Pol\u00edtica de privacidad<\/a>  <\/p>\n<\/div>\n<\/div>\n<\/div>\n<\/section>\n<section id=\"sp-xbkqkgkuv11s\" data-mobile-visibility=\"#sp-xbkqkgkuv11s|false\" data-tablet-visibility=\"#sp-xbkqkgkuv11s|false\" data-desktop-visibility=\"#sp-xbkqkgkuv11s|false\" data-mobile-css=\"\" data-tablet-css=\"\" class=\"sp-el-section spBgcover\" style=\"width: 100%; max-width: 100%; padding: 10px;\">\n<div id=\"sp-x87xaym7kvfw\" data-mobile-visibility=\"#sp-x87xaym7kvfw|false\" data-tablet-visibility=\"#sp-x87xaym7kvfw|false\" data-desktop-visibility=\"#sp-x87xaym7kvfw|false\" data-mobile-css=\"\" data-tablet-css=\"\" class=\"sp-el-row sp-w-full sp-m-auto spBgcover sm:sp-flex sp-justify-between\" style=\"padding: 0px; width: auto; max-width: 1000px;\">\n<div id=\"sp-o4tr89m85wzx\" data-mobile-visibility=\"#sp-o4tr89m85wzx|false\" data-tablet-visibility=\"#sp-o4tr89m85wzx|false\" data-desktop-visibility=\"#sp-o4tr89m85wzx|false\" data-mobile-css=\"\" data-tablet-css=\"\" class=\"sp-el-col spBgcover sp-w-full\" style=\"width: calc(100% + 0px);\">\n<div id=\"sp-dobnid\" data-mobile-css=\"#sp-dobnid|height:40px;\" data-tablet-css=\"#sp-dobnid|height:10px;\" class=\"sp-spacer\" style=\"height: 60px;\"><\/div>\n<div id=\"sp-kpl2gut3483h\" data-mobile-css=\".sp-text-wrapper-kpl2gut3483h, #sp-kpl2gut3483h, #kpl2gut3483h|text-align:left;\" data-tablet-css=\".sp-text-wrapper-kpl2gut3483h, #sp-kpl2gut3483h, #kpl2gut3483h|text-align:left;\" data-mobile-visibility=\".sp-text-wrapper-kpl2gut3483h|false\" data-tablet-visibility=\".sp-text-wrapper-kpl2gut3483h|false\" data-desktop-visibility=\".sp-text-wrapper-kpl2gut3483h|false\" class=\"sp-css-target sp-text-wrapper sp-el-block sp-text-wrapper-kpl2gut3483h\" style=\"font-size: 12px; margin: 0px; text-align: left;\">\n<p style=\"text-align: center;\">Copyright \u00a9 SeedProd<\/p>\n<\/div>\n<\/div>\n<\/div>\n<\/section>\n<\/div>\n","protected":false},"excerpt":{"rendered":"<p>Consigue m\u00e1s clientes potenciales sin hacer conjeturas Watch: C\u00f3mo la Alianza E3 ayuda a crecer a los contratistas (1 min) \u00bfQuieres m\u00e1s empleos en tu \u00e1rea de servicio? Consigue la gu\u00eda gratuita + ent\u00e9rate de c\u00f3mo la Alianza E3 te ofrece apoyo real: Sencillos pasos de marketing que cualquier contratista puede seguir Un sitio web &#8230; <a title=\"Marketing de espuma en spray 101\" class=\"read-more\" href=\"https:\/\/sprayips.com\/es\/marketing-de-espuma-en-spray-101\/\" aria-label=\"Read more about Marketing de espuma en spray 101\">Leer m\u00e1s<\/a><\/p>\n","protected":false},"author":6,"featured_media":0,"parent":0,"menu_order":0,"comment_status":"closed","ping_status":"closed","template":"","meta":{"_acf_changed":false,"_seopress_robots_primary_cat":"","_seopress_titles_title":"","_seopress_titles_desc":"","_seopress_robots_index":"","footnotes":""},"page-category":[],"class_list":["post-1593","page","type-page","status-publish"],"acf":[],"_links":{"self":[{"href":"https:\/\/sprayips.com\/es\/wp-json\/wp\/v2\/pages\/1593","targetHints":{"allow":["GET"]}}],"collection":[{"href":"https:\/\/sprayips.com\/es\/wp-json\/wp\/v2\/pages"}],"about":[{"href":"https:\/\/sprayips.com\/es\/wp-json\/wp\/v2\/types\/page"}],"author":[{"embeddable":true,"href":"https:\/\/sprayips.com\/es\/wp-json\/wp\/v2\/users\/6"}],"replies":[{"embeddable":true,"href":"https:\/\/sprayips.com\/es\/wp-json\/wp\/v2\/comments?post=1593"}],"version-history":[{"count":0,"href":"https:\/\/sprayips.com\/es\/wp-json\/wp\/v2\/pages\/1593\/revisions"}],"wp:attachment":[{"href":"https:\/\/sprayips.com\/es\/wp-json\/wp\/v2\/media?parent=1593"}],"wp:term":[{"taxonomy":"page-category","embeddable":true,"href":"https:\/\/sprayips.com\/es\/wp-json\/wp\/v2\/page-category?post=1593"}],"curies":[{"name":"wp","href":"https:\/\/api.w.org\/{rel}","templated":true}]}}