{"id":1478,"date":"2024-04-16T09:03:42","date_gmt":"2024-04-16T13:03:42","guid":{"rendered":"https:\/\/sprayips.com\/tampa\/"},"modified":"2024-04-16T09:03:42","modified_gmt":"2024-04-16T13:03:42","slug":"tampa","status":"publish","type":"page","link":"https:\/\/sprayips.com\/es\/tampa\/","title":{"rendered":"Tampa"},"content":{"rendered":"<div id=\"sp-page\" class=\"spBgcover sp-content-1\" style=\"background-color: rgb(255, 255, 255); font-family: Arvo, sans-serif; font-weight: 400;\">\n<section id=\"sp-dnrlkg4oewsb\" data-mobile-visibility=\"#sp-dnrlkg4oewsb|false\" data-tablet-visibility=\"#sp-dnrlkg4oewsb|false\" data-desktop-visibility=\"#sp-dnrlkg4oewsb|false\" data-mobile-css=\"\" data-tablet-css=\"\" class=\"sp-el-section spBgcover\" style=\"background-image: linear-gradient(0deg, rgba(0, 0, 0, 0), rgba(0, 0, 0, 0)), url('https:\/\/sprayips.com\/wp-content\/uploads\/2024\/04\/whiteCompressed.png'); width: 100%; max-width: 100%; padding: 10px;\">\n<div id=\"sp-y0l6r8npil3n\" data-mobile-visibility=\"#sp-y0l6r8npil3n|false\" data-tablet-visibility=\"#sp-y0l6r8npil3n|false\" data-desktop-visibility=\"#sp-y0l6r8npil3n|false\" data-mobile-css=\"\" data-tablet-css=\"\" class=\"sp-el-row sp-w-full sp-m-auto spBgcover sp-flex sp-flex-row sp-items-center\" style=\"padding: 0px; background-image: linear-gradient(0deg, rgba(0, 0, 0, 0), rgba(0, 0, 0, 0)), url('https:\/\/sprayips.com\/wp-content\/uploads\/2024\/04\/whiteCompressed.png'); width: auto; max-width: 1580px;\">\n<div id=\"sp-h6q8055u0fdm\" data-mobile-visibility=\"#sp-h6q8055u0fdm|false\" data-tablet-visibility=\"#sp-h6q8055u0fdm|false\" data-desktop-visibility=\"#sp-h6q8055u0fdm|false\" data-mobile-css=\"\" data-tablet-css=\"\" class=\"sp-el-col spBgcover sp-w-full\" style=\"width: calc(23% + 0px);\">\n<figure id=\"sp-x7y6j48uw5f8\" data-mobile-css=\"#sp-x7y6j48uw5f8|text-align:center;\" data-tablet-css=\"#sp-x7y6j48uw5f8|text-align:center;\" class=\"sp-image-wrapper sp-el-block\" style=\"margin: 4px 0px 0px; text-align: left;\">\n<div><span><img decoding=\"async\" src=\"https:\/\/sprayips.com\/wp-content\/uploads\/2023\/11\/FullColor-1.svg\" alt=\"\" width=\"\" height=\"\" data-dynamic-tag=\"\" data-image-src=\"\" data-mobile-visibility=\".sp-image-block-x7y6j48uw5f8|false\" data-tablet-visibility=\".sp-image-block-x7y6j48uw5f8|false\" data-desktop-visibility=\".sp-image-block-x7y6j48uw5f8|false\" class=\"sp-image-block-x7y6j48uw5f8 custom-preview-class\" style=\"width: 100px;\"><\/span><\/div>\n<div id=\"sp-image-dynamic-tags-js-x7y6j48uw5f8\"><script>jQuery(function() { image_dynamic_tags('x7y6j48uw5f8' );});<\/script><\/div>\n<\/figure>\n<\/div>\n<div id=\"sp-w7ru67oso8nk\" data-mobile-visibility=\"#sp-w7ru67oso8nk|false\" data-tablet-visibility=\"#sp-w7ru67oso8nk|false\" data-desktop-visibility=\"#sp-w7ru67oso8nk|false\" data-mobile-css=\"\" data-tablet-css=\"\" class=\"sp-el-col spBgcover sp-w-full\" style=\"width: calc(52% + 0px);\">\n<div id=\"sp-cm3hzr315v2\" data-mobile-css=\"#sp-cm3hzr315v2 .nav-menu .menu-item |text-align:center\" data-tablet-css=\"#sp-cm3hzr315v2 .nav-menu .menu-item |text-align:center\" data-mobile-visibility=\".sp-nav-menu-block-cm3hzr315v2|false\" data-tablet-visibility=\".sp-nav-menu-block-cm3hzr315v2|false\" data-desktop-visibility=\".sp-nav-menu-block-cm3hzr315v2|false\" class=\"sp-nav sp-flex sp-el-block sp-justify-center sp-nav-menu-block-cm3hzr315v2\" style=\"margin: 12px 0px 0px; text-transform: uppercase; font-size: 10px; letter-spacing: 5px; color: rgb(12, 36, 57); font-family: Jost;\">\n<style type=\"text\/css\" data-mobile-css=\"\" data-tablet-css=\"\"><\/style>\n<style type=\"text\/css\" data-mobile-css=\"#sp-cm3hzr315v2 ul li a |text-align:center\" data-tablet-css=\"#sp-cm3hzr315v2 ul li a |text-align:center\"><\/style>\n<style type=\"text\/css\">\n    #sp-cm3hzr315v2 .seedprod-menu-horizontal .nav-menu .menu-item ,#sp-cm3hzr315v2 .seedprod-menu-horizontal .nav-menu .seedprod-menu-heading , #sp-cm3hzr315v2 .seedprod-menu-separator {padding:0px 6px}<\/p>\n<p>    #sp-cm3hzr315v2 .nav-menu ul.sub-menu {box-shadow:0 25px 50px -12px rgba(0, 0, 0, 0.25)}<\/p>\n<p>    #sp-cm3hzr315v2 ul li a {text-transform:uppercase;font-size:10px;letter-spacing:5px;font-family:Jost}<\/p>\n<p>    #sp-cm3hzr315v2 .seedprod-menu-horizontal .nav-menu .separator.menu-item { padding:0px; }<\/p>\n<p>    #sp-cm3hzr315v2 .custom-restricted-width .menu-item{padding:6px 0px}<\/p>\n<p>    #sp-cm3hzr315v2 .seedprod-menu-list li a {color:#0C2439;text-align:center}\n    #sp-cm3hzr315v2 .seedprod-menu-list li{color:#0C2439;text-align:center}<\/p>\n<p>    #sp-cm3hzr315v2 .seedprod-menu-list li a:hover {text-align:center}<\/p>\n<p>    #sp-cm3hzr315v2 .sub-menu {border-radius:6px;padding:4px 4px 4px 4px }<\/p>\n<p>    #sp-cm3hzr315v2 .sub-menu a {color:#0C2439}<\/p>\n<p>    #sp-cm3hzr315v2 ul.seedprod-menu-list ul.sub-menu li a:hover{}<\/p>\n<p>    #sp-cm3hzr315v2 .bar{background-color:#0C2439;}\n  <\/style>\n<div class=\"sp-nested-nav-wrapper h sp-nav-classmain-menu\">\n<div class=\"seedprod-menu seedprod-menu-builder seedprod-menu-horizontal sp-mobile-menu-true\">\n<div class=\"\">\n<nav class=\"nav-bar\">\n<div class=\"hamburger\"><span class=\"bar\"><\/span><span class=\"bar\"><\/span><span class=\"bar\"><\/span><\/div>\n<div class=\"nav-menu\">\n<div>\n              [seedprodnestedmenuwidget menu=\u00bbmain-menu\u00bb menudivider=\u00bb\u00bb layout=\u00bbh\u00bb]\n            <\/div>\n<div><script> jQuery(document).ready(function(){   initDropdowns(); }); <\/script><\/div>\n<\/div>\n<\/nav>\n<\/div>\n<\/div>\n<\/div>\n<\/div>\n<\/div>\n<div id=\"sp-m7kpgl6nmhfa\" data-mobile-visibility=\"#sp-m7kpgl6nmhfa|false\" data-tablet-visibility=\"#sp-m7kpgl6nmhfa|false\" data-desktop-visibility=\"#sp-m7kpgl6nmhfa|false\" data-mobile-css=\"\" data-tablet-css=\"\" class=\"sp-el-col spBgcover sp-w-full\" style=\"width: calc(24% + 0px);\">\n<div id=\"sp-button-parent-nk7n090ap7ck\" data-mobile-css=\"#sp-button-parent-nk7n090ap7ck|text-align:center;\" data-tablet-css=\"#sp-button-parent-nk7n090ap7ck|text-align:center;\" class=\"sp-button-wrapper sp-el-block\" style=\"margin: 4px 0px 0px; text-align: right;\"><a href=\"\" id=\"sp-nk7n090ap7ck\" data-mobile-css=\"\" data-tablet-css=\"\" data-mobile-visibility=\".sp-button-nk7n090ap7ck|true\" data-tablet-visibility=\".sp-button-nk7n090ap7ck|true\" data-desktop-visibility=\".sp-button-nk7n090ap7ck|false\" target=\"\" rel=\"noopener\" class=\"sp-button sp-css-target sp-text-center sp-inline-block sp-leading-none sp-button-nk7n090ap7ck\" style=\"font-size: 18px; background: rgb(245, 133, 68); color: rgb(255, 255, 255); width: auto; padding: 12px 16px; border-radius: 29px;\"><span style=\"font-family: Jost;\">Llama hoy<\/span><\/a><\/div>\n<\/div>\n<\/div>\n<\/section>\n<section id=\"sp-sx5bn4k2vnmr\" data-mobile-visibility=\"#sp-sx5bn4k2vnmr|false\" data-tablet-visibility=\"#sp-sx5bn4k2vnmr|false\" data-desktop-visibility=\"#sp-sx5bn4k2vnmr|false\" data-mobile-css=\"\" data-tablet-css=\"\" class=\"sp-el-section spBgcover\" style=\"background-image: linear-gradient(0deg, rgba(255, 255, 255, 0.15), rgba(255, 255, 255, 0.15)), url('https:\/\/sprayips.com\/wp-content\/uploads\/2024\/04\/heroCompressedV4.jpg'); background-color: rgb(255, 255, 255); width: 100%; max-width: 100%; padding: 10px;\">\n<div id=\"sp-vize3w\" data-mobile-visibility=\"#sp-vize3w|false\" data-tablet-visibility=\"#sp-vize3w|false\" data-desktop-visibility=\"#sp-vize3w|false\" data-mobile-css=\"\" data-tablet-css=\"\" class=\"sp-el-row sp-w-full sp-m-auto sm:sp-flex sp-justify-between\" style=\"width: auto; max-width: 1800px;\">\n<div id=\"sp-kw0l9d\" data-mobile-visibility=\"#sp-kw0l9d|false\" data-tablet-visibility=\"#sp-kw0l9d|false\" data-desktop-visibility=\"#sp-kw0l9d|false\" data-mobile-css=\"\" data-tablet-css=\"\" class=\"sp-el-col sp-w-full\" style=\"width: calc(65% + 0px);\">\n<div id=\"sp-animated-head-gzg7ar\" data-mobile-visibility=\".sp-animated-headline-block-gzg7ar|false\" data-tablet-visibility=\".sp-animated-headline-block-gzg7ar|false\" data-desktop-visibility=\".sp-animated-headline-block-gzg7ar|false\" data-mobile-css=\"#sp-animated-head-gzg7ar|margin:0px 0px 0px 0px ;\" data-tablet-css=\"\" class=\"sp-el-block sp-animated-headline-block-gzg7ar\" style=\"--stroke-color: #F58544; --animation-duration: 2800ms; --animation-delay: 5000ms; --iteration-count: 1; text-align: left; font-size: 72px; margin: 0px;\">\n<style type=\"text\/css\" data-mobile-css=\".sp-animated-headline-block-gzg7ar .sp-title .sp-title--headline|font-size:48px;text-align:left;\" data-tablet-css=\".sp-animated-headline-block-gzg7ar .sp-title .sp-title--headline|text-align:left;\"><\/style>\n<div>\n<div data-highlight=\"circle\" class=\"sp-hightlightbuilder-preview sp-title sp-title-highlight-main title sp-title-1 sp-sep-none sp-title-highlight sp-title-size-one sp-loop-on sp-highlight-circle\">\n<h1 class=\"sp-title--headline sp-animated\" style=\"font-size: 72px; font-family: Jost; color: rgb(255, 255, 255); text-shadow: rgba(0, 0, 0, 0.4) 2px 2px 4px;\"><span class=\"sp-highlighted-text-prefix\">El<\/span><span class=\"sp-highlighted-text-wrapper\"><span class=\"sp-highlighted-text\"> PREMIER <\/span><svg xmlns=\"http:\/\/www.w3.org\/2000\/svg\" viewbox=\"0 0 500 150\" preserveaspectratio=\"none\"><path d=\"M325,18C228.7-8.3,118.5,8.3,78,21C22.4,38.4,4.6,54.6,5.6,77.6c1.4,32.4,52.2,54,142.6,63.7 c66.2,7.1,212.2,7.5,273.5-8.3c64.4-16.6,104.3-57.6,33.8-98.2C386.7-4.9,179.4-1.4,126.3,20.7\"><\/path><\/path><\/svg><\/span><span class=\"sp-highlighted-text-postfix\">Tampa SPF Fabricante<\/span><\/h1>\n<\/div>\n<\/div>\n<\/div>\n<div><script>jQuery(function() { seedprod_animatedheadline(\"gzg7ar\", \"true\", 2800,5000);});<\/script><\/div>\n<div id=\"sp-nqwboksaqwr8\" data-mobile-css=\".sp-text-wrapper-nqwboksaqwr8, #sp-nqwboksaqwr8, #nqwboksaqwr8|text-align:left;\" data-tablet-css=\".sp-text-wrapper-nqwboksaqwr8, #sp-nqwboksaqwr8, #nqwboksaqwr8|text-align:left;\" data-mobile-visibility=\".sp-text-wrapper-nqwboksaqwr8|false\" data-tablet-visibility=\".sp-text-wrapper-nqwboksaqwr8|false\" data-desktop-visibility=\".sp-text-wrapper-nqwboksaqwr8|false\" class=\"sp-css-target sp-text-wrapper sp-el-block sp-text-wrapper-nqwboksaqwr8\" style=\"font-family: Jost; color: rgb(255, 255, 255); margin: 0px; text-align: left;\">\n<p>Nuestra misi\u00f3n es destacar en la fabricaci\u00f3n de sistemas de espuma pulverizada de primera calidad que sean f\u00e1ciles de usar y rentables. Al almacenar estrat\u00e9gicamente nuestros productos en numerosas ubicaciones de EE.UU., garantizamos la accesibilidad y la eficacia para nuestros clientes. Reconociendo las diversas necesidades de los contratistas de aislamiento, vamos m\u00e1s all\u00e1 de la espuma pulverizada, almacenando en cada ubicaci\u00f3n una amplia gama de productos, como fibra de vidrio, celulosa, trajes pulverizados, piezas, cintas, pl\u00e1sticos, equipos de seguridad y mucho m\u00e1s, todos ellos esenciales para la instalaci\u00f3n de aislamiento. Comprometidos a proporcionar una inigualable satisfacci\u00f3n al cliente, aspiramos a ser el destino definitivo para todas las necesidades de aislamiento, ofreciendo la confianza y el apoyo necesarios para tener \u00e9xito.   <\/p>\n<\/div>\n<p><span href=\"\" target=\"\" rel=\"\" class=\"sp-header-block-link\" style=\"text-decoration: none;\"><\/p>\n<h1 id=\"sp-rll71x\" data-mobile-css=\".sp-headline-block-rll71x, #sp-rll71x, #rll71x|text-align:center;\" data-tablet-css=\".sp-headline-block-rll71x, #sp-rll71x, #rll71x|text-align:center;\" data-mobile-visibility=\".sp-headline-block-rll71x|false\" data-tablet-visibility=\".sp-headline-block-rll71x|false\" data-desktop-visibility=\".sp-headline-block-rll71x|false\" class=\"sp-css-target sp-el-block sp-headline-block-rll71x sp-type-header\" style=\"font-size: 40px; font-family: Jost; color: rgb(255, 255, 255); text-align: left; margin: 0px;\">Llama para hacer un pedido<\/h1>\n<p><\/span><\/p>\n<div id=\"sp-button-parent-upud6alin6rn\" data-mobile-css=\"#sp-button-parent-upud6alin6rn|text-align:center;margin:29px 0px 0px 0px ;\" data-tablet-css=\"#sp-button-parent-upud6alin6rn|text-align:center;\" class=\"sp-button-wrapper sp-el-block animated pulse ani_pulse\" style=\"margin: 0px; text-align: left;\"><a href=\"\" id=\"sp-upud6alin6rn\" data-mobile-css=\"\" data-tablet-css=\"\" data-mobile-visibility=\".sp-button-upud6alin6rn|false\" data-tablet-visibility=\".sp-button-upud6alin6rn|false\" data-desktop-visibility=\".sp-button-upud6alin6rn|false\" target=\"\" rel=\"noopener\" class=\"sp-button sp-css-target sp-text-center sp-inline-block sp-leading-none sp-button-upud6alin6rn\" style=\"font-size: 18px; background: rgb(245, 133, 68); color: rgb(255, 255, 255); width: auto; padding: 12px 16px; border-radius: 61px;\"><span style=\"font-family: Jost;\">(813) 528-5422<\/span><\/a><\/div>\n<\/div>\n<div id=\"sp-mv9v0c\" data-mobile-visibility=\"#sp-mv9v0c|false\" data-tablet-visibility=\"#sp-mv9v0c|false\" data-desktop-visibility=\"#sp-mv9v0c|false\" data-mobile-css=\"\" data-tablet-css=\"\" class=\"sp-el-col sp-w-full\" style=\"width: calc(35% + 0px);\">\n<figure id=\"sp-d9pthb\" data-mobile-css=\"#sp-d9pthb|text-align:center;\" data-tablet-css=\"#sp-d9pthb|text-align:center;\" class=\"sp-image-wrapper sp-el-block\" style=\"margin: 0px; text-align: center;\">\n<div><span><img loading=\"lazy\" decoding=\"async\" src=\"https:\/\/sprayips.com\/wp-content\/uploads\/2024\/12\/FinallyV2-2.jpg\" alt=\"\" width=\"1800\" height=\"1200\" data-dynamic-tag=\"\" data-image-src=\"wpmedia\" data-mobile-visibility=\".sp-image-block-d9pthb|false\" data-tablet-visibility=\".sp-image-block-d9pthb|false\" data-desktop-visibility=\".sp-image-block-d9pthb|false\" srcset=\"  https:\/\/sprayips.com\/wp-content\/uploads\/2024\/12\/FinallyV2-2-150x150.jpg 150w, https:\/\/sprayips.com\/wp-content\/uploads\/2024\/12\/FinallyV2-2-300x200.jpg 300w, https:\/\/sprayips.com\/wp-content\/uploads\/2024\/12\/FinallyV2-2-1024x683.jpg 1024w, https:\/\/sprayips.com\/wp-content\/uploads\/2024\/12\/FinallyV2-2.jpg 1800w\" class=\"sp-image-block-d9pthb custom-preview-class\" style=\"width: 1800px;\"><\/span><\/div>\n<div id=\"sp-image-dynamic-tags-js-d9pthb\"><script>jQuery(function() { image_dynamic_tags('d9pthb' );});<\/script><\/div>\n<\/figure>\n<p><span href=\"\" target=\"\" rel=\"\" class=\"sp-header-block-link\" style=\"text-decoration: none;\"><\/p>\n<h4 id=\"sp-af94za\" data-mobile-css=\".sp-headline-block-af94za, #sp-af94za, #af94za|text-align:center;\" data-tablet-css=\".sp-headline-block-af94za, #sp-af94za, #af94za|text-align:center;\" data-mobile-visibility=\".sp-headline-block-af94za|false\" data-tablet-visibility=\".sp-headline-block-af94za|false\" data-desktop-visibility=\".sp-headline-block-af94za|false\" class=\"sp-css-target sp-el-block sp-headline-block-af94za sp-type-header\" style=\"font-family: Jost; color: rgb(255, 255, 255); text-align: left; margin: 0px;\">Obt\u00e9n m\u00e1s informaci\u00f3n sobre nuestra l\u00ednea de productos de aislamiento de espuma pulverizada de primera calidad.<\/h4>\n<p><\/span><\/p>\n<div id=\"sp-button-parent-rigbbg\" data-mobile-css=\"#sp-button-parent-rigbbg|text-align:center;margin:29px 0px 0px 0px ;\" data-tablet-css=\"#sp-button-parent-rigbbg|text-align:center;\" class=\"sp-button-wrapper sp-el-block animated pulse ani_pulse\" style=\"margin: 0px; text-align: left;\"><a href=\"https:\/\/sprayips.com\/products\/\" id=\"sp-rigbbg\" data-mobile-css=\"\" data-tablet-css=\"\" data-mobile-visibility=\".sp-button-rigbbg|false\" data-tablet-visibility=\".sp-button-rigbbg|false\" data-desktop-visibility=\".sp-button-rigbbg|false\" target=\"\" rel=\"noopener\" class=\"sp-button sp-css-target sp-text-center sp-inline-block sp-leading-none sp-button-rigbbg\" style=\"font-size: 18px; background: rgb(245, 133, 68); color: rgb(255, 255, 255); width: auto; padding: 12px 16px; border-radius: 61px;\"><span style=\"font-family: Jost;\">SABER M\u00c1S<\/span><\/a><\/div>\n<\/div>\n<\/div>\n<\/section>\n<section id=\"sp-xlvi73\" data-mobile-visibility=\"#sp-xlvi73|false\" data-tablet-visibility=\"#sp-xlvi73|false\" data-desktop-visibility=\"#sp-xlvi73|false\" data-mobile-css=\"\" data-tablet-css=\"\" class=\"sp-el-section spBgcoverscroll\" style=\"background-image: linear-gradient(0deg, rgba(0, 0, 0, 0.05), rgba(0, 0, 0, 0.05)), url('https:\/\/sprayips.com\/wp-content\/uploads\/2024\/04\/orangeCompressed.png'); width: 100%; max-width: 100%;\">\n<div id=\"sp-eesell\" data-mobile-visibility=\"#sp-eesell|false\" data-tablet-visibility=\"#sp-eesell|false\" data-desktop-visibility=\"#sp-eesell|false\" data-mobile-css=\"\" data-tablet-css=\"\" class=\"sp-el-row sp-w-full sp-m-auto sm:sp-flex sp-justify-between\">\n<div id=\"sp-s3uqz6\" data-mobile-visibility=\"#sp-s3uqz6|false\" data-tablet-visibility=\"#sp-s3uqz6|false\" data-desktop-visibility=\"#sp-s3uqz6|false\" data-mobile-css=\"\" data-tablet-css=\"\" class=\"sp-el-col sp-w-full\" style=\"width: calc(100% + 0px);\"><\/div>\n<\/div>\n<\/section>\n<section id=\"sp-xnwbpqave6zp\" data-mobile-visibility=\"#sp-xnwbpqave6zp|false\" data-tablet-visibility=\"#sp-xnwbpqave6zp|false\" data-desktop-visibility=\"#sp-xnwbpqave6zp|false\" data-mobile-css=\"\" data-tablet-css=\"\" class=\"sp-el-section spBgcover\" style=\"background-image: linear-gradient(0deg, rgba(243, 243, 243, 0), rgba(243, 243, 243, 0)), url('https:\/\/sprayips.com\/wp-content\/uploads\/2024\/04\/whiteCompressed.png'); background-color: rgb(243, 243, 243); width: 100%; max-width: 100%; padding: 10px;\">\n<div id=\"sp-f8w72kgncmbh\" data-mobile-visibility=\"#sp-f8w72kgncmbh|false\" data-tablet-visibility=\"#sp-f8w72kgncmbh|false\" data-desktop-visibility=\"#sp-f8w72kgncmbh|false\" data-mobile-css=\"\" data-tablet-css=\"\" class=\"sp-el-row sp-w-full sp-m-auto sm:sp-flex sp-justify-between\" style=\"padding: 0px; width: auto; max-width: 1410px; margin-top: 37px;\">\n<div id=\"sp-z608mgrpoh9g\" data-mobile-visibility=\"#sp-z608mgrpoh9g|false\" data-tablet-visibility=\"#sp-z608mgrpoh9g|false\" data-desktop-visibility=\"#sp-z608mgrpoh9g|false\" data-mobile-css=\"\" data-tablet-css=\"\" class=\"sp-el-col sp-w-full\" style=\"width: calc(33.3333% + 0px);\">\n<figure id=\"sp-nm1aheynvmnp\" data-mobile-css=\"#sp-nm1aheynvmnp|text-align:center;\" data-tablet-css=\"#sp-nm1aheynvmnp|text-align:center;\" class=\"sp-image-wrapper sp-el-block\" style=\"margin: 4px 0px 0px; text-align: left;\">\n<div><span><img decoding=\"async\" src=\"https:\/\/sprayips.com\/wp-content\/uploads\/2023\/11\/FullColor-1.svg\" alt=\"\" width=\"\" height=\"\" data-dynamic-tag=\"\" data-image-src=\"\" data-mobile-visibility=\".sp-image-block-nm1aheynvmnp|false\" data-tablet-visibility=\".sp-image-block-nm1aheynvmnp|false\" data-desktop-visibility=\".sp-image-block-nm1aheynvmnp|false\" class=\"sp-image-block-nm1aheynvmnp custom-preview-class\" style=\"width: 150px;\"><\/span><\/div>\n<div id=\"sp-image-dynamic-tags-js-nm1aheynvmnp\"><script>jQuery(function() { image_dynamic_tags('nm1aheynvmnp' );});<\/script><\/div>\n<\/figure>\n<\/div>\n<div id=\"sp-o8n7zqrssfz8\" data-mobile-visibility=\"#sp-o8n7zqrssfz8|false\" data-tablet-visibility=\"#sp-o8n7zqrssfz8|false\" data-desktop-visibility=\"#sp-o8n7zqrssfz8|false\" data-mobile-css=\"\" data-tablet-css=\"\" class=\"sp-el-col sp-w-full\" style=\"width: calc(33.3333% + 0px);\"><span href=\"\" target=\"\" rel=\"\" class=\"sp-header-block-link\" style=\"text-decoration: none;\"><\/p>\n<h3 id=\"sp-heg2qk\" data-mobile-css=\".sp-headline-block-heg2qk, #sp-heg2qk, #heg2qk|text-align:center;\" data-tablet-css=\".sp-headline-block-heg2qk, #sp-heg2qk, #heg2qk|text-align:center;\" data-mobile-visibility=\".sp-headline-block-heg2qk|false\" data-tablet-visibility=\".sp-headline-block-heg2qk|false\" data-desktop-visibility=\".sp-headline-block-heg2qk|false\" class=\"sp-css-target sp-el-block sp-headline-block-heg2qk sp-type-header\" style=\"font-family: Jost; text-align: left; margin: 0px;\">Qui\u00e9nes somos<\/h3>\n<p><\/span><\/p>\n<div id=\"sp-t5ym1u\" data-mobile-css=\"#sp-t5ym1u .nav-menu .menu-item |text-align:left\" data-tablet-css=\"#sp-t5ym1u .nav-menu .menu-item |text-align:left\" data-mobile-visibility=\".sp-nav-menu-block-t5ym1u|false\" data-tablet-visibility=\".sp-nav-menu-block-t5ym1u|false\" data-desktop-visibility=\".sp-nav-menu-block-t5ym1u|false\" class=\"sp-nav sp-flex sp-el-block sp-justify-start sp-nav-menu-block-t5ym1u\" style=\"margin: 12px 0px 0px; color: rgb(60, 84, 104); font-family: Jost;\">\n<style type=\"text\/css\" data-mobile-css=\"\" data-tablet-css=\"\"><\/style>\n<style type=\"text\/css\" data-mobile-css=\"#sp-t5ym1u ul li a |text-align:left\" data-tablet-css=\"#sp-t5ym1u ul li a |text-align:left\"><\/style>\n<style type=\"text\/css\">\n    #sp-t5ym1u .seedprod-menu-horizontal .nav-menu .menu-item ,#sp-t5ym1u .seedprod-menu-horizontal .nav-menu .seedprod-menu-heading , #sp-t5ym1u .seedprod-menu-separator {padding:0px 8px}<\/p>\n<p>    #sp-t5ym1u .nav-menu ul.sub-menu {box-shadow:0 25px 50px -12px rgba(0, 0, 0, 0.25)}<\/p>\n<p>    #sp-t5ym1u ul li a {font-family:Jost}<\/p>\n<p>    #sp-t5ym1u .seedprod-menu-horizontal .nav-menu .separator.menu-item { padding:0px; }<\/p>\n<p>    #sp-t5ym1u .custom-restricted-width .menu-item{padding:8px 0px}<\/p>\n<p>    #sp-t5ym1u .seedprod-menu-list li a {color:#3C5468;text-align:left}\n    #sp-t5ym1u .seedprod-menu-list li{color:#3C5468;text-align:left}<\/p>\n<p>    #sp-t5ym1u .seedprod-menu-list li a:hover {text-align:left}<\/p>\n<p>    #sp-t5ym1u .sub-menu {border-radius:6px;padding:4px 4px 4px 4px }<\/p>\n<p>    #sp-t5ym1u .sub-menu a {color:#3C5468}<\/p>\n<p>    #sp-t5ym1u ul.seedprod-menu-list ul.sub-menu li a:hover{}<\/p>\n<p>    #sp-t5ym1u .bar{background-color:#3C5468;}\n  <\/style>\n<div class=\"sp-nested-nav-wrapper h sp-nav-classmain-menu\">\n<div class=\"seedprod-menu seedprod-menu-builder seedprod-menu-horizontal sp-mobile-menu-false\">\n<div class=\"\">\n<nav class=\"nav-bar\">\n<div class=\"hamburger\"><span class=\"bar\"><\/span><span class=\"bar\"><\/span><span class=\"bar\"><\/span><\/div>\n<div class=\"nav-menu\">\n<div>\n              [seedprodnestedmenuwidget menu=\u00bbmain-menu\u00bb menudivider=\u00bb\u00bb layout=\u00bbh\u00bb]\n            <\/div>\n<div><script> jQuery(document).ready(function(){   initDropdowns(); }); <\/script><\/div>\n<\/div>\n<\/nav>\n<\/div>\n<\/div>\n<\/div>\n<\/div>\n<\/div>\n<div id=\"sp-s39io0l5rdib\" data-mobile-visibility=\"#sp-s39io0l5rdib|false\" data-tablet-visibility=\"#sp-s39io0l5rdib|false\" data-desktop-visibility=\"#sp-s39io0l5rdib|false\" data-mobile-css=\"\" data-tablet-css=\"\" class=\"sp-el-col sp-w-full\" style=\"width: calc(33.3333% + 0px);\"><\/div>\n<\/div>\n<\/section>\n<section id=\"sp-runwdt\" data-mobile-visibility=\"#sp-runwdt|false\" data-tablet-visibility=\"#sp-runwdt|false\" data-desktop-visibility=\"#sp-runwdt|false\" data-mobile-css=\"\" data-tablet-css=\"\" class=\"sp-el-section \" style=\"border-top: 1px solid rgb(222, 222, 222); background-color: rgb(243, 243, 243); width: 100%; max-width: 100%; padding: 10px; border-radius: 0px;\">\n<div id=\"sp-cs055m\" data-mobile-visibility=\"#sp-cs055m|false\" data-tablet-visibility=\"#sp-cs055m|false\" data-desktop-visibility=\"#sp-cs055m|false\" data-mobile-css=\"\" data-tablet-css=\"\" class=\"sp-el-row sp-w-full sp-m-auto sm:sp-flex sp-justify-between\" style=\"padding: 0px; width: auto; max-width: 1000px;\">\n<div id=\"sp-ytj6ry\" data-mobile-visibility=\"#sp-ytj6ry|false\" data-tablet-visibility=\"#sp-ytj6ry|false\" data-desktop-visibility=\"#sp-ytj6ry|false\" data-mobile-css=\"\" data-tablet-css=\"\" class=\"sp-el-col sp-w-full\" style=\"width: calc(100% + 0px);\">\n<div id=\"sp-dx1tc9\" data-mobile-css=\".sp-text-wrapper-dx1tc9, #sp-dx1tc9, #dx1tc9|text-align:left;\" data-tablet-css=\".sp-text-wrapper-dx1tc9, #sp-dx1tc9, #dx1tc9|text-align:left;\" data-mobile-visibility=\".sp-text-wrapper-dx1tc9|false\" data-tablet-visibility=\".sp-text-wrapper-dx1tc9|false\" data-desktop-visibility=\".sp-text-wrapper-dx1tc9|false\" class=\"sp-css-target sp-text-wrapper sp-el-block sp-text-wrapper-dx1tc9\" style=\"font-size: 17px; margin: 0px; text-align: center;\">\n<p>Copyright \u00a9 2024 IPS LLC<\/p>\n<\/div>\n<\/div>\n<\/div>\n<\/section>\n<\/div>\n","protected":false},"excerpt":{"rendered":"<p>[seedprodnestedmenuwidget menu=\u00bbmain-menu\u00bb menudivider=\u00bb\u00bb layout=\u00bbh\u00bb] Llama hoy El PREMIER Tampa SPF Fabricante Nuestra misi\u00f3n es destacar en la fabricaci\u00f3n de sistemas de espuma pulverizada de primera calidad que sean f\u00e1ciles de usar y rentables. Al almacenar estrat\u00e9gicamente nuestros productos en numerosas ubicaciones de EE.UU., garantizamos la accesibilidad y la eficacia para nuestros clientes. Reconociendo las diversas &#8230; <a title=\"Tampa\" class=\"read-more\" href=\"https:\/\/sprayips.com\/es\/tampa\/\" aria-label=\"Read more about Tampa\">Leer m\u00e1s<\/a><\/p>\n","protected":false},"author":6,"featured_media":0,"parent":0,"menu_order":0,"comment_status":"closed","ping_status":"closed","template":"","meta":{"_acf_changed":false,"_seopress_robots_primary_cat":"","_seopress_titles_title":"","_seopress_titles_desc":"","_seopress_robots_index":"","footnotes":""},"page-category":[],"class_list":["post-1478","page","type-page","status-publish"],"acf":[],"_links":{"self":[{"href":"https:\/\/sprayips.com\/es\/wp-json\/wp\/v2\/pages\/1478","targetHints":{"allow":["GET"]}}],"collection":[{"href":"https:\/\/sprayips.com\/es\/wp-json\/wp\/v2\/pages"}],"about":[{"href":"https:\/\/sprayips.com\/es\/wp-json\/wp\/v2\/types\/page"}],"author":[{"embeddable":true,"href":"https:\/\/sprayips.com\/es\/wp-json\/wp\/v2\/users\/6"}],"replies":[{"embeddable":true,"href":"https:\/\/sprayips.com\/es\/wp-json\/wp\/v2\/comments?post=1478"}],"version-history":[{"count":0,"href":"https:\/\/sprayips.com\/es\/wp-json\/wp\/v2\/pages\/1478\/revisions"}],"wp:attachment":[{"href":"https:\/\/sprayips.com\/es\/wp-json\/wp\/v2\/media?parent=1478"}],"wp:term":[{"taxonomy":"page-category","embeddable":true,"href":"https:\/\/sprayips.com\/es\/wp-json\/wp\/v2\/page-category?post=1478"}],"curies":[{"name":"wp","href":"https:\/\/api.w.org\/{rel}","templated":true}]}}