{"id":1465,"date":"2024-10-30T08:48:33","date_gmt":"2024-10-30T12:48:33","guid":{"rendered":"https:\/\/sprayips.com\/espuma-en-spray\/"},"modified":"2025-03-17T11:14:46","modified_gmt":"2025-03-17T15:14:46","slug":"espuma-en-spray","status":"publish","type":"page","link":"https:\/\/sprayips.com\/es\/espuma-en-spray\/","title":{"rendered":"Espuma en spray"},"content":{"rendered":"<div class=\"gb-container gb-container-a275a7a0 section\">\n<div class=\"gb-container gb-container-d7c9dc4b inner\">\n<div class=\"product-list\"><div class=\"product-item\" id=\"therma-lok\"><p>Therma-Lok\u00ae es el nombre principal de todos nuestros productos de espuma de media libra.<\/p><div class=\"child-product-list\"><div class=\"child-product-item\"><img loading=\"lazy\" decoding=\"async\" width=\"289\" height=\"300\" src=\"https:\/\/sprayips.com\/wp-content\/uploads\/2024\/10\/500EZ100-289x300.png\" class=\"attachment-medium size-medium\" alt=\"\" srcset=\"https:\/\/sprayips.com\/wp-content\/uploads\/2024\/10\/500EZ100-289x300.png 289w, https:\/\/sprayips.com\/wp-content\/uploads\/2024\/10\/500EZ100.png 427w\" sizes=\"auto, (max-width: 289px) 100vw, 289px\" \/><p>Presentamos THERMA-LOK\u00ae 500EZ, un aislante de espuma de poliuretano de c\u00e9lula abierta, vers\u00e1til, de dos componentes y de uno a uno por volumen, aplicado por pulverizaci\u00f3n.<\/p><a href=\"https:\/\/sprayips.com\/es\/product\/therma-lok\/500ez\/\" class=\"learn-more-btn\" aria-label=\"Learn more about THERMA-LOK\u00ae 500EZ500EZ\">Learn More<\/a><\/div><div class=\"child-product-item\"><img loading=\"lazy\" decoding=\"async\" width=\"289\" height=\"300\" src=\"https:\/\/sprayips.com\/wp-content\/uploads\/2024\/10\/500max-289x300.png\" class=\"attachment-medium size-medium\" alt=\"\" srcset=\"https:\/\/sprayips.com\/wp-content\/uploads\/2024\/10\/500max-289x300.png 289w, https:\/\/sprayips.com\/wp-content\/uploads\/2024\/10\/500max.png 426w\" sizes=\"auto, (max-width: 289px) 100vw, 289px\" \/><p>Presentamos THERMA-LOK\u00ae 500EZ, un aislante de espuma de poliuretano de c\u00e9lula abierta, vers\u00e1til, de dos componentes y de uno a uno por volumen, aplicado por pulverizaci\u00f3n.<\/p><a href=\"https:\/\/sprayips.com\/es\/product\/therma-lok\/therma-lok-500ez500ez\/\" class=\"learn-more-btn\" aria-label=\"Learn more about THERMA-LOK\u00ae 500EZ500EZ\">Learn More<\/a><\/div><div class=\"child-product-item\"><img loading=\"lazy\" decoding=\"async\" width=\"289\" height=\"300\" src=\"https:\/\/sprayips.com\/wp-content\/uploads\/2024\/10\/500EZ100-289x300.png\" class=\"attachment-medium size-medium\" alt=\"\" srcset=\"https:\/\/sprayips.com\/wp-content\/uploads\/2024\/10\/500EZ100-289x300.png 289w, https:\/\/sprayips.com\/wp-content\/uploads\/2024\/10\/500EZ100.png 427w\" sizes=\"auto, (max-width: 289px) 100vw, 289px\" \/><p>Presentamos THERMA-LOK\u2122 500MAX, un aislante de espuma de poliuretano de c\u00e9lula abierta vers\u00e1til de dos componentes, de uno a uno por volumen aplicado por pulverizaci\u00f3n.<\/p><a href=\"https:\/\/sprayips.com\/es\/product\/therma-lok\/500max\/\" class=\"learn-more-btn\" aria-label=\"Learn more about 500MAX\">Learn More<\/a><\/div><\/div><\/div><div class=\"product-item\" id=\"escudo-termico\"><p>Therma-Shield\u2122 es el nombre principal de todos nuestros productos de espuma en spray de 2 lb.  <\/p><div class=\"child-product-list\"><div class=\"child-product-item\"><p>THERMA-SHIELD\u2122 2002 es una innovadora espuma pulverizada bicomponente de densidad media y alto rendimiento de uno a uno por volumen.<\/p><a href=\"https:\/\/sprayips.com\/es\/product\/escudo-termico\/2002-2\/\" class=\"learn-more-btn\" aria-label=\"Learn more about 2002\">Learn More<\/a><\/div><div class=\"child-product-item\"><p>THERMA-SHIELD\u2122 2003 es una innovadora espuma pulverizada bicomponente de densidad media y alto rendimiento de uno a uno por volumen.<\/p><a href=\"https:\/\/sprayips.com\/es\/product\/escudo-termico\/2003-2\/\" class=\"learn-more-btn\" aria-label=\"Learn more about 2003\">Learn More<\/a><\/div><div class=\"child-product-item\"><img loading=\"lazy\" decoding=\"async\" width=\"289\" height=\"300\" src=\"https:\/\/sprayips.com\/wp-content\/uploads\/2024\/10\/2000-289x300.png\" class=\"attachment-medium size-medium\" alt=\"\" srcset=\"https:\/\/sprayips.com\/wp-content\/uploads\/2024\/10\/2000-289x300.png 289w, https:\/\/sprayips.com\/wp-content\/uploads\/2024\/10\/2000.png 426w\" sizes=\"auto, (max-width: 289px) 100vw, 289px\" \/><p>THERMA-SHIELD\u2122 2000 es una innovadora espuma pulverizada bicomponente de densidad media y alto rendimiento de uno a uno por volumen.<\/p><a href=\"https:\/\/sprayips.com\/es\/product\/escudo-termico\/2000-2\/\" class=\"learn-more-btn\" aria-label=\"Learn more about 2000\">Learn More<\/a><\/div><div class=\"child-product-item\"><img loading=\"lazy\" decoding=\"async\" width=\"289\" height=\"300\" src=\"https:\/\/sprayips.com\/wp-content\/uploads\/2024\/10\/2001-289x300.png\" class=\"attachment-medium size-medium\" alt=\"\" srcset=\"https:\/\/sprayips.com\/wp-content\/uploads\/2024\/10\/2001-289x300.png 289w, https:\/\/sprayips.com\/wp-content\/uploads\/2024\/10\/2001.png 426w\" sizes=\"auto, (max-width: 289px) 100vw, 289px\" \/><p>THERMA-SHIELD\u2122 2001 es un aislante de espuma pulverizada de c\u00e9lula cerrada altamente eficaz.<\/p><a href=\"https:\/\/sprayips.com\/es\/product\/escudo-termico\/2001-2\/\" class=\"learn-more-btn\" aria-label=\"Learn more about 2001\">Learn More<\/a><\/div><\/div><\/div><div class=\"product-item\" id=\"therma-tite\"><p>Therma-Tite\u2122 es el nombre principal de todos nuestros sistemas de espuma pulverizada de 3 lb para tejados.  <\/p><div class=\"child-product-list\"><div class=\"child-product-item\"><img loading=\"lazy\" decoding=\"async\" width=\"289\" height=\"300\" src=\"https:\/\/sprayips.com\/wp-content\/uploads\/2024\/10\/3000100-289x300.png\" class=\"attachment-medium size-medium\" alt=\"\" srcset=\"https:\/\/sprayips.com\/wp-content\/uploads\/2024\/10\/3000100-289x300.png 289w, https:\/\/sprayips.com\/wp-content\/uploads\/2024\/10\/3000100.png 427w\" sizes=\"auto, (max-width: 289px) 100vw, 289px\" \/><p>THERMA-TITE\u2122 3000 es una innovadora espuma de poliuretano de c\u00e9lula cerrada aplicada por pulverizaci\u00f3n para cubiertas.<\/p><a href=\"https:\/\/sprayips.com\/es\/product\/therma-tite\/3000-3pcf\/\" class=\"learn-more-btn\" aria-label=\"Learn more about 3000 3PCF\">Learn More<\/a><\/div><div class=\"child-product-item\"><img loading=\"lazy\" decoding=\"async\" width=\"289\" height=\"300\" src=\"https:\/\/sprayips.com\/wp-content\/uploads\/2024\/10\/3002-289x300.png\" class=\"attachment-medium size-medium\" alt=\"\" srcset=\"https:\/\/sprayips.com\/wp-content\/uploads\/2024\/10\/3002-289x300.png 289w, https:\/\/sprayips.com\/wp-content\/uploads\/2024\/10\/3002.png 426w\" sizes=\"auto, (max-width: 289px) 100vw, 289px\" \/><p>THERMA-TITE\u2122 3000 es una innovadora espuma de poliuretano de 3,5 PCF para cubiertas, de c\u00e9lula cerrada y aplicada por pulverizaci\u00f3n.<\/p><a href=\"https:\/\/sprayips.com\/es\/product\/therma-tite\/3000-35pcf-2\/\" class=\"learn-more-btn\" aria-label=\"Learn more about 3000 3,5PCF\">Learn More<\/a><\/div><div class=\"child-product-item\"><img loading=\"lazy\" decoding=\"async\" width=\"289\" height=\"300\" src=\"https:\/\/sprayips.com\/wp-content\/uploads\/2024\/10\/3000100-289x300.png\" class=\"attachment-medium size-medium\" alt=\"\" srcset=\"https:\/\/sprayips.com\/wp-content\/uploads\/2024\/10\/3000100-289x300.png 289w, https:\/\/sprayips.com\/wp-content\/uploads\/2024\/10\/3000100.png 427w\" sizes=\"auto, (max-width: 289px) 100vw, 289px\" \/><p>THERMA-TITE\u2122 3000 es una innovadora espuma de poliuretano de 3,5 PCF para cubiertas, de c\u00e9lula cerrada y aplicada por pulverizaci\u00f3n.<\/p><a href=\"https:\/\/sprayips.com\/es\/product\/therma-tite\/3000-35pcf\/\" class=\"learn-more-btn\" aria-label=\"Learn more about 3000 3,5PCF\">Learn More<\/a><\/div><div class=\"child-product-item\"><img loading=\"lazy\" decoding=\"async\" width=\"289\" height=\"300\" src=\"https:\/\/sprayips.com\/wp-content\/uploads\/2024\/10\/3002-289x300.png\" class=\"attachment-medium size-medium\" alt=\"\" srcset=\"https:\/\/sprayips.com\/wp-content\/uploads\/2024\/10\/3002-289x300.png 289w, https:\/\/sprayips.com\/wp-content\/uploads\/2024\/10\/3002.png 426w\" sizes=\"auto, (max-width: 289px) 100vw, 289px\" \/><p>THERMA-TITE\u2122 3001 es una espuma de poliuretano de c\u00e9lula cerrada aplicada por pulverizaci\u00f3n para tejados que forma una barrera impermeable sin juntas, impidiendo eficazmente la infiltraci\u00f3n de aire a la vez que ofrece un aislamiento superior.<\/p><a href=\"https:\/\/sprayips.com\/es\/product\/therma-tite\/3001-3\/\" class=\"learn-more-btn\" aria-label=\"Learn more about 3001\">Learn More<\/a><\/div><div class=\"child-product-item\"><img loading=\"lazy\" decoding=\"async\" width=\"289\" height=\"300\" src=\"https:\/\/sprayips.com\/wp-content\/uploads\/2024\/10\/3004-289x300.png\" class=\"attachment-medium size-medium\" alt=\"\" srcset=\"https:\/\/sprayips.com\/wp-content\/uploads\/2024\/10\/3004-289x300.png 289w, https:\/\/sprayips.com\/wp-content\/uploads\/2024\/10\/3004.png 426w\" sizes=\"auto, (max-width: 289px) 100vw, 289px\" \/><p>THERMA-TITE\u2122 3001 es una espuma de poliuretano de c\u00e9lula cerrada aplicada por pulverizaci\u00f3n para tejados que forma una barrera impermeable sin juntas, impidiendo eficazmente la infiltraci\u00f3n de aire a la vez que ofrece un aislamiento superior.<\/p><a href=\"https:\/\/sprayips.com\/es\/product\/therma-tite\/3001-2\/\" class=\"learn-more-btn\" aria-label=\"Learn more about 3001\">Learn More<\/a><\/div><\/div><\/div><div class=\"product-item\" id=\"ips\"><p>IPS 3000 SLAB es el nombre principal de toda nuestra espuma pulverizada para elevaci\u00f3n de hormig\u00f3n.  <\/p><div class=\"child-product-list\"><div class=\"child-product-item\"><img loading=\"lazy\" decoding=\"async\" width=\"289\" height=\"300\" src=\"https:\/\/sprayips.com\/wp-content\/uploads\/2024\/10\/2000fill-289x300.png\" class=\"attachment-medium size-medium\" alt=\"\" srcset=\"https:\/\/sprayips.com\/wp-content\/uploads\/2024\/10\/2000fill-289x300.png 289w, https:\/\/sprayips.com\/wp-content\/uploads\/2024\/10\/2000fill.png 426w\" sizes=\"auto, (max-width: 289px) 100vw, 289px\" \/><p>IPS 3000 SLAB es un sistema de espuma de poliuretano estructural r\u00edgido, de c\u00e9lula cerrada y doble componente, dise\u00f1ado para tareas de elevaci\u00f3n de forjados, levantamiento de hormig\u00f3n y estabilizaci\u00f3n de forjados.<\/p><a href=\"https:\/\/sprayips.com\/es\/product\/ips\/3000-slab-3\/\" class=\"learn-more-btn\" aria-label=\"Learn more about 3000 SLAB\">Learn More<\/a><\/div><div class=\"child-product-item\"><img loading=\"lazy\" decoding=\"async\" width=\"289\" height=\"300\" src=\"https:\/\/sprayips.com\/wp-content\/uploads\/2026\/03\/3002-289x300.png\" class=\"attachment-medium size-medium\" alt=\"\" srcset=\"https:\/\/sprayips.com\/wp-content\/uploads\/2026\/03\/3002-289x300.png 289w, https:\/\/sprayips.com\/wp-content\/uploads\/2026\/03\/3002.png 426w\" sizes=\"auto, (max-width: 289px) 100vw, 289px\" \/><p>IPS 3000 SLAB es un sistema de espuma de poliuretano estructural r\u00edgido, de c\u00e9lula cerrada y doble componente, dise\u00f1ado para tareas de elevaci\u00f3n de forjados, levantamiento de hormig\u00f3n y estabilizaci\u00f3n de forjados.<\/p><a href=\"https:\/\/sprayips.com\/es\/product\/ips\/3000-slab-2\/\" class=\"learn-more-btn\" aria-label=\"Learn more about 3000 SLAB\">Learn More<\/a><\/div><div class=\"child-product-item\"><img loading=\"lazy\" decoding=\"async\" width=\"289\" height=\"300\" src=\"https:\/\/sprayips.com\/wp-content\/uploads\/2024\/10\/3000slab-289x300.png\" class=\"attachment-medium size-medium\" alt=\"\" srcset=\"https:\/\/sprayips.com\/wp-content\/uploads\/2024\/10\/3000slab-289x300.png 289w, https:\/\/sprayips.com\/wp-content\/uploads\/2024\/10\/3000slab.png 426w\" sizes=\"auto, (max-width: 289px) 100vw, 289px\" \/><p>IPS 3000 SLAB es un sistema de espuma de poliuretano estructural r\u00edgido, de c\u00e9lula cerrada y doble componente, dise\u00f1ado para tareas de elevaci\u00f3n de forjados, levantamiento de hormig\u00f3n y estabilizaci\u00f3n de forjados.<\/p><a href=\"https:\/\/sprayips.com\/es\/product\/ips\/3000-slab\/\" class=\"learn-more-btn\" aria-label=\"Learn more about 3000 SLAB\">Learn More<\/a><\/div><\/div><\/div><\/div>\n\n<\/div>\n<\/div>","protected":false},"excerpt":{"rendered":"","protected":false},"author":2,"featured_media":2940,"parent":0,"menu_order":0,"comment_status":"closed","ping_status":"closed","template":"","meta":{"_acf_changed":false,"_seopress_robots_primary_cat":"","_seopress_titles_title":"","_seopress_titles_desc":"","_seopress_robots_index":"","footnotes":""},"page-category":[],"class_list":["post-1465","page","type-page","status-publish","has-post-thumbnail","hentry"],"acf":[],"_links":{"self":[{"href":"https:\/\/sprayips.com\/es\/wp-json\/wp\/v2\/pages\/1465","targetHints":{"allow":["GET"]}}],"collection":[{"href":"https:\/\/sprayips.com\/es\/wp-json\/wp\/v2\/pages"}],"about":[{"href":"https:\/\/sprayips.com\/es\/wp-json\/wp\/v2\/types\/page"}],"author":[{"embeddable":true,"href":"https:\/\/sprayips.com\/es\/wp-json\/wp\/v2\/users\/2"}],"replies":[{"embeddable":true,"href":"https:\/\/sprayips.com\/es\/wp-json\/wp\/v2\/comments?post=1465"}],"version-history":[{"count":0,"href":"https:\/\/sprayips.com\/es\/wp-json\/wp\/v2\/pages\/1465\/revisions"}],"wp:featuredmedia":[{"embeddable":true,"href":"https:\/\/sprayips.com\/es\/wp-json\/wp\/v2\/media\/2940"}],"wp:attachment":[{"href":"https:\/\/sprayips.com\/es\/wp-json\/wp\/v2\/media?parent=1465"}],"wp:term":[{"taxonomy":"page-category","embeddable":true,"href":"https:\/\/sprayips.com\/es\/wp-json\/wp\/v2\/page-category?post=1465"}],"curies":[{"name":"wp","href":"https:\/\/api.w.org\/{rel}","templated":true}]}}